{"id":29959,"date":"2023-05-30T12:37:56","date_gmt":"2023-05-30T10:37:56","guid":{"rendered":"https:\/\/oleyworkshop.com\/?page_id=29959"},"modified":"2025-10-16T08:18:40","modified_gmt":"2025-10-16T06:18:40","slug":"mentions-legales-2","status":"publish","type":"page","link":"https:\/\/oleyworkshop.com\/en_GB\/mentions-legales-2\/","title":{"rendered":"Mentions l\u00e9gales"},"content":{"rendered":"<div data-elementor-type=\"wp-page\" data-elementor-id=\"29959\" class=\"elementor elementor-29959\" data-elementor-post-type=\"page\">\n\t\t\t\t<div class=\"elementor-element elementor-element-2d5ae28f e-flex e-con-boxed wpr-particle-no wpr-jarallax-no wpr-parallax-no wpr-sticky-section-no wpr-equal-height-no e-con e-parent\" data-id=\"2d5ae28f\" data-element_type=\"container\" data-e-type=\"container\" data-settings=\"{&quot;background_background&quot;:&quot;classic&quot;}\">\n\t\t\t\t\t<div class=\"e-con-inner\">\n\t\t\t\t<div class=\"elementor-element elementor-element-a75647c exad-sticky-section-no exad-glass-effect-no elementor-widget elementor-widget-heading\" data-id=\"a75647c\" data-element_type=\"widget\" data-e-type=\"widget\" data-widget_type=\"heading.default\">\n\t\t\t\t<div class=\"elementor-widget-container\">\n\t\t\t\t\t<h2 class=\"elementor-heading-title elementor-size-default\">Mentions <strong>l\u00e9gales<\/h2>\t\t\t\t<\/div>\n\t\t\t\t<\/div>\n\t\t\t\t\t<\/div>\n\t\t\t\t<\/div>\n\t\t<div class=\"elementor-element elementor-element-e5f4df6 e-flex e-con-boxed wpr-particle-no wpr-jarallax-no wpr-parallax-no wpr-sticky-section-no wpr-equal-height-no e-con e-parent\" data-id=\"e5f4df6\" data-element_type=\"container\" data-e-type=\"container\" data-settings=\"{&quot;background_background&quot;:&quot;classic&quot;}\">\n\t\t\t\t\t<div class=\"e-con-inner\">\n\t\t\t\t<div class=\"elementor-element elementor-element-284bdc2 exad-sticky-section-no exad-glass-effect-no elementor-widget elementor-widget-text-editor\" data-id=\"284bdc2\" data-element_type=\"widget\" data-e-type=\"widget\" data-widget_type=\"text-editor.default\">\n\t\t\t\t<div class=\"elementor-widget-container\">\n\t\t\t\t\t\t\t\t\t<h4>Soci\u00e9t\u00e9<\/h4><p>Oley Workshop<\/p><p>G\u00e9rants : Edouard RAES et Romain MOBON<br \/>SARL au capital de 8 000 \u20ac<br \/>Immatricul\u00e9e au RCS de Lille Metropole B 901 250 407<\/p><p>SIREN : 901250407<\/p><p>SIRET : 90125040700037<\/p><p>Numero de TVA intracommunautaire : FR05901250407<\/p><p>Si\u00e8ge social : Rue Norbert S\u00e9gard, ZA les Champs, B\u00e2timent 2, 59223 RONCQ<br \/>T\u00e9l\u00e9phone : 06 74 90 80 16\u00a0<\/p><p>Email : oleyworkshop@gmail.com<\/p><p>Directeur de la publication : Edouard Raes<\/p><h4>H\u00e9bergement<\/h4><p>Ce site est h\u00e9berg\u00e9 par Infomaniak.ch<\/p><p><i>Si\u00e8ge social : Rue Eug\u00e8ne <\/i><i>Marziano 25 1227 Les Acacias (GE)<\/i><\/p><p>https:\/\/www.infomaniak.com\/<\/p>\t\t\t\t\t\t\t\t<\/div>\n\t\t\t\t<\/div>\n\t\t\t\t\t<\/div>\n\t\t\t\t<\/div>\n\t\t\t\t<\/div>","protected":false},"excerpt":{"rendered":"<p>Mentions l\u00e9gales Soci\u00e9t\u00e9 Oley Workshop G\u00e9rants : Edouard RAES et Romain MOBONSARL au capital de 8 000 \u20acImmatricul\u00e9e au RCS de Lille Metropole B 901 250 407 SIREN : 901250407 SIRET : 90125040700037 Numero de TVA intracommunautaire : FR05901250407 Si\u00e8ge social : Rue Norbert S\u00e9gard, ZA les Champs, B\u00e2timent 2, 59223 RONCQT\u00e9l\u00e9phone : 06 74 90 80 16\u00a0 Email : oleyworkshop@gmail.com Directeur de la publication : Edouard Raes H\u00e9bergement Ce site est h\u00e9berg\u00e9 par Infomaniak.ch Si\u00e8ge social : Rue Eug\u00e8ne Marziano 25 1227 Les Acacias (GE) https:\/\/www.infomaniak.com\/<\/p>","protected":false},"author":2,"featured_media":30320,"parent":0,"menu_order":0,"comment_status":"closed","ping_status":"closed","template":"elementor_header_footer","meta":{"footnotes":""},"class_list":["post-29959","page","type-page","status-publish","has-post-thumbnail","hentry"],"yoast_head":"<!-- This site is optimized with the Yoast SEO plugin v27.5 - https:\/\/yoast.com\/product\/yoast-seo-wordpress\/ -->\n<title>Mentions l\u00e9gales | Oleyworkshop<\/title>\n<meta name=\"robots\" content=\"index, follow, max-snippet:-1, max-image-preview:large, max-video-preview:-1\" \/>\n<link rel=\"canonical\" href=\"https:\/\/oleyworkshop.com\/en_GB\/mentions-legales-2\/\" \/>\n<meta property=\"og:locale\" content=\"en_GB\" \/>\n<meta property=\"og:type\" content=\"article\" \/>\n<meta property=\"og:title\" content=\"Mentions l\u00e9gales | Oleyworkshop\" \/>\n<meta property=\"og:description\" content=\"Mentions l\u00e9gales Soci\u00e9t\u00e9 Oley Workshop G\u00e9rants : Edouard RAES et Romain MOBONSARL au capital de 8 000 \u20acImmatricul\u00e9e au RCS de Lille Metropole B 901 250 407 SIREN : 901250407 SIRET : 90125040700037 Numero de TVA intracommunautaire : FR05901250407 Si\u00e8ge social : Rue Norbert S\u00e9gard, ZA les Champs, B\u00e2timent 2, 59223 RONCQT\u00e9l\u00e9phone : 06 74 90 80 16\u00a0 Email : oleyworkshop@gmail.com Directeur de la publication : Edouard Raes H\u00e9bergement Ce site est h\u00e9berg\u00e9 par Infomaniak.ch Si\u00e8ge social : Rue Eug\u00e8ne Marziano 25 1227 Les Acacias (GE) https:\/\/www.infomaniak.com\/\" \/>\n<meta property=\"og:url\" content=\"https:\/\/oleyworkshop.com\/en_GB\/mentions-legales-2\/\" \/>\n<meta property=\"og:site_name\" content=\"Oleyworkshop\" \/>\n<meta property=\"article:publisher\" content=\"https:\/\/www.facebook.com\/LatelierOley\" \/>\n<meta property=\"article:modified_time\" content=\"2025-10-16T06:18:40+00:00\" \/>\n<meta property=\"og:image\" content=\"https:\/\/oleyworkshop.com\/wp-content\/uploads\/2024\/04\/Oleyworkshop-Aoraki-15-04-24-55-sur-147-scaled.jpg\" \/>\n\t<meta property=\"og:image:width\" content=\"2560\" \/>\n\t<meta property=\"og:image:height\" content=\"1707\" \/>\n\t<meta property=\"og:image:type\" content=\"image\/jpeg\" \/>\n<meta name=\"twitter:card\" content=\"summary_large_image\" \/>\n<meta name=\"twitter:label1\" content=\"Estimated reading time\" \/>\n\t<meta name=\"twitter:data1\" content=\"1 minute\" \/>\n<script type=\"application\/ld+json\" class=\"yoast-schema-graph\">{\"@context\":\"https:\\\/\\\/schema.org\",\"@graph\":[{\"@type\":\"WebPage\",\"@id\":\"https:\\\/\\\/oleyworkshop.com\\\/mentions-legales-2\\\/\",\"url\":\"https:\\\/\\\/oleyworkshop.com\\\/mentions-legales-2\\\/\",\"name\":\"Mentions l\u00e9gales | Oleyworkshop\",\"isPartOf\":{\"@id\":\"https:\\\/\\\/oleyworkshop.com\\\/#website\"},\"primaryImageOfPage\":{\"@id\":\"https:\\\/\\\/oleyworkshop.com\\\/mentions-legales-2\\\/#primaryimage\"},\"image\":{\"@id\":\"https:\\\/\\\/oleyworkshop.com\\\/mentions-legales-2\\\/#primaryimage\"},\"thumbnailUrl\":\"https:\\\/\\\/oleyworkshop.com\\\/wp-content\\\/uploads\\\/2024\\\/04\\\/Oleyworkshop-Aoraki-15-04-24-55-sur-147-scaled.jpg\",\"datePublished\":\"2023-05-30T10:37:56+00:00\",\"dateModified\":\"2025-10-16T06:18:40+00:00\",\"breadcrumb\":{\"@id\":\"https:\\\/\\\/oleyworkshop.com\\\/mentions-legales-2\\\/#breadcrumb\"},\"inLanguage\":\"en-GB\",\"potentialAction\":[{\"@type\":\"ReadAction\",\"target\":[\"https:\\\/\\\/oleyworkshop.com\\\/mentions-legales-2\\\/\"]}]},{\"@type\":\"ImageObject\",\"inLanguage\":\"en-GB\",\"@id\":\"https:\\\/\\\/oleyworkshop.com\\\/mentions-legales-2\\\/#primaryimage\",\"url\":\"https:\\\/\\\/oleyworkshop.com\\\/wp-content\\\/uploads\\\/2024\\\/04\\\/Oleyworkshop-Aoraki-15-04-24-55-sur-147-scaled.jpg\",\"contentUrl\":\"https:\\\/\\\/oleyworkshop.com\\\/wp-content\\\/uploads\\\/2024\\\/04\\\/Oleyworkshop-Aoraki-15-04-24-55-sur-147-scaled.jpg\",\"width\":2560,\"height\":1707},{\"@type\":\"BreadcrumbList\",\"@id\":\"https:\\\/\\\/oleyworkshop.com\\\/mentions-legales-2\\\/#breadcrumb\",\"itemListElement\":[{\"@type\":\"ListItem\",\"position\":1,\"name\":\"Accueil\",\"item\":\"https:\\\/\\\/oleyworkshop.com\\\/\"},{\"@type\":\"ListItem\",\"position\":2,\"name\":\"Mentions l\u00e9gales\"}]},{\"@type\":\"WebSite\",\"@id\":\"https:\\\/\\\/oleyworkshop.com\\\/#website\",\"url\":\"https:\\\/\\\/oleyworkshop.com\\\/\",\"name\":\"Oley Workshop\",\"description\":\"Am\u00e9nagement authentique et sur-mesure pour vans et fourgons\",\"publisher\":{\"@id\":\"https:\\\/\\\/oleyworkshop.com\\\/#organization\"},\"potentialAction\":[{\"@type\":\"SearchAction\",\"target\":{\"@type\":\"EntryPoint\",\"urlTemplate\":\"https:\\\/\\\/oleyworkshop.com\\\/?s={search_term_string}\"},\"query-input\":{\"@type\":\"PropertyValueSpecification\",\"valueRequired\":true,\"valueName\":\"search_term_string\"}}],\"inLanguage\":\"en-GB\"},{\"@type\":\"Organization\",\"@id\":\"https:\\\/\\\/oleyworkshop.com\\\/#organization\",\"name\":\"Oley Workshop\",\"url\":\"https:\\\/\\\/oleyworkshop.com\\\/\",\"logo\":{\"@type\":\"ImageObject\",\"inLanguage\":\"en-GB\",\"@id\":\"https:\\\/\\\/oleyworkshop.com\\\/#\\\/schema\\\/logo\\\/image\\\/\",\"url\":\"https:\\\/\\\/oleyworkshop.com\\\/wp-content\\\/uploads\\\/2024\\\/05\\\/logo-oley-footer.png\",\"contentUrl\":\"https:\\\/\\\/oleyworkshop.com\\\/wp-content\\\/uploads\\\/2024\\\/05\\\/logo-oley-footer.png\",\"width\":1206,\"height\":1206,\"caption\":\"Oley Workshop\"},\"image\":{\"@id\":\"https:\\\/\\\/oleyworkshop.com\\\/#\\\/schema\\\/logo\\\/image\\\/\"},\"sameAs\":[\"https:\\\/\\\/www.facebook.com\\\/LatelierOley\",\"https:\\\/\\\/www.instagram.com\\\/oleyworkshop\\\/\"]}]}<\/script>\n<!-- \/ Yoast SEO plugin. -->","yoast_head_json":{"title":"Mentions l\u00e9gales | Oleyworkshop","robots":{"index":"index","follow":"follow","max-snippet":"max-snippet:-1","max-image-preview":"max-image-preview:large","max-video-preview":"max-video-preview:-1"},"canonical":"https:\/\/oleyworkshop.com\/en_GB\/mentions-legales-2\/","og_locale":"en_GB","og_type":"article","og_title":"Mentions l\u00e9gales | Oleyworkshop","og_description":"Mentions l\u00e9gales Soci\u00e9t\u00e9 Oley Workshop G\u00e9rants : Edouard RAES et Romain MOBONSARL au capital de 8 000 \u20acImmatricul\u00e9e au RCS de Lille Metropole B 901 250 407 SIREN : 901250407 SIRET : 90125040700037 Numero de TVA intracommunautaire : FR05901250407 Si\u00e8ge social : Rue Norbert S\u00e9gard, ZA les Champs, B\u00e2timent 2, 59223 RONCQT\u00e9l\u00e9phone : 06 74 90 80 16\u00a0 Email : oleyworkshop@gmail.com Directeur de la publication : Edouard Raes H\u00e9bergement Ce site est h\u00e9berg\u00e9 par Infomaniak.ch Si\u00e8ge social : Rue Eug\u00e8ne Marziano 25 1227 Les Acacias (GE) https:\/\/www.infomaniak.com\/","og_url":"https:\/\/oleyworkshop.com\/en_GB\/mentions-legales-2\/","og_site_name":"Oleyworkshop","article_publisher":"https:\/\/www.facebook.com\/LatelierOley","article_modified_time":"2025-10-16T06:18:40+00:00","og_image":[{"width":2560,"height":1707,"url":"https:\/\/oleyworkshop.com\/wp-content\/uploads\/2024\/04\/Oleyworkshop-Aoraki-15-04-24-55-sur-147-scaled.jpg","type":"image\/jpeg"}],"twitter_card":"summary_large_image","twitter_misc":{"Estimated reading time":"1 minute"},"schema":{"@context":"https:\/\/schema.org","@graph":[{"@type":"WebPage","@id":"https:\/\/oleyworkshop.com\/mentions-legales-2\/","url":"https:\/\/oleyworkshop.com\/mentions-legales-2\/","name":"Mentions l\u00e9gales | Oleyworkshop","isPartOf":{"@id":"https:\/\/oleyworkshop.com\/#website"},"primaryImageOfPage":{"@id":"https:\/\/oleyworkshop.com\/mentions-legales-2\/#primaryimage"},"image":{"@id":"https:\/\/oleyworkshop.com\/mentions-legales-2\/#primaryimage"},"thumbnailUrl":"https:\/\/oleyworkshop.com\/wp-content\/uploads\/2024\/04\/Oleyworkshop-Aoraki-15-04-24-55-sur-147-scaled.jpg","datePublished":"2023-05-30T10:37:56+00:00","dateModified":"2025-10-16T06:18:40+00:00","breadcrumb":{"@id":"https:\/\/oleyworkshop.com\/mentions-legales-2\/#breadcrumb"},"inLanguage":"en-GB","potentialAction":[{"@type":"ReadAction","target":["https:\/\/oleyworkshop.com\/mentions-legales-2\/"]}]},{"@type":"ImageObject","inLanguage":"en-GB","@id":"https:\/\/oleyworkshop.com\/mentions-legales-2\/#primaryimage","url":"https:\/\/oleyworkshop.com\/wp-content\/uploads\/2024\/04\/Oleyworkshop-Aoraki-15-04-24-55-sur-147-scaled.jpg","contentUrl":"https:\/\/oleyworkshop.com\/wp-content\/uploads\/2024\/04\/Oleyworkshop-Aoraki-15-04-24-55-sur-147-scaled.jpg","width":2560,"height":1707},{"@type":"BreadcrumbList","@id":"https:\/\/oleyworkshop.com\/mentions-legales-2\/#breadcrumb","itemListElement":[{"@type":"ListItem","position":1,"name":"Accueil","item":"https:\/\/oleyworkshop.com\/"},{"@type":"ListItem","position":2,"name":"Mentions l\u00e9gales"}]},{"@type":"WebSite","@id":"https:\/\/oleyworkshop.com\/#website","url":"https:\/\/oleyworkshop.com\/","name":"Oley Workshop","description":"Am\u00e9nagement authentique et sur-mesure pour vans et fourgons","publisher":{"@id":"https:\/\/oleyworkshop.com\/#organization"},"potentialAction":[{"@type":"SearchAction","target":{"@type":"EntryPoint","urlTemplate":"https:\/\/oleyworkshop.com\/?s={search_term_string}"},"query-input":{"@type":"PropertyValueSpecification","valueRequired":true,"valueName":"search_term_string"}}],"inLanguage":"en-GB"},{"@type":"Organization","@id":"https:\/\/oleyworkshop.com\/#organization","name":"Oley Workshop","url":"https:\/\/oleyworkshop.com\/","logo":{"@type":"ImageObject","inLanguage":"en-GB","@id":"https:\/\/oleyworkshop.com\/#\/schema\/logo\/image\/","url":"https:\/\/oleyworkshop.com\/wp-content\/uploads\/2024\/05\/logo-oley-footer.png","contentUrl":"https:\/\/oleyworkshop.com\/wp-content\/uploads\/2024\/05\/logo-oley-footer.png","width":1206,"height":1206,"caption":"Oley Workshop"},"image":{"@id":"https:\/\/oleyworkshop.com\/#\/schema\/logo\/image\/"},"sameAs":["https:\/\/www.facebook.com\/LatelierOley","https:\/\/www.instagram.com\/oleyworkshop\/"]}]}},"_links":{"self":[{"href":"https:\/\/oleyworkshop.com\/en_GB\/wp-json\/wp\/v2\/pages\/29959","targetHints":{"allow":["GET"]}}],"collection":[{"href":"https:\/\/oleyworkshop.com\/en_GB\/wp-json\/wp\/v2\/pages"}],"about":[{"href":"https:\/\/oleyworkshop.com\/en_GB\/wp-json\/wp\/v2\/types\/page"}],"author":[{"embeddable":true,"href":"https:\/\/oleyworkshop.com\/en_GB\/wp-json\/wp\/v2\/users\/2"}],"replies":[{"embeddable":true,"href":"https:\/\/oleyworkshop.com\/en_GB\/wp-json\/wp\/v2\/comments?post=29959"}],"version-history":[{"count":0,"href":"https:\/\/oleyworkshop.com\/en_GB\/wp-json\/wp\/v2\/pages\/29959\/revisions"}],"wp:featuredmedia":[{"embeddable":true,"href":"https:\/\/oleyworkshop.com\/en_GB\/wp-json\/wp\/v2\/media\/30320"}],"wp:attachment":[{"href":"https:\/\/oleyworkshop.com\/en_GB\/wp-json\/wp\/v2\/media?parent=29959"}],"curies":[{"name":"wp","href":"https:\/\/api.w.org\/{rel}","templated":true}]}}